{"id":1224,"date":"2025-10-17T13:16:28","date_gmt":"2025-10-17T17:16:28","guid":{"rendered":"https:\/\/familyservicechq.org\/?page_id=1224"},"modified":"2025-11-24T09:18:23","modified_gmt":"2025-11-24T14:18:23","slug":"masters-level","status":"publish","type":"page","link":"https:\/\/familyservicechq.org\/es\/internship\/masters-level\/","title":{"rendered":"Nivel de Maestr\u00eda"},"content":{"rendered":"<div data-elementor-type=\"wp-page\" data-elementor-id=\"1224\" class=\"elementor elementor-1224\" data-elementor-settings=\"{&quot;ha_cmc_init_switcher&quot;:&quot;no&quot;}\" data-elementor-post-type=\"page\">\n\t\t\t\t<div class=\"elementor-element elementor-element-190df3d e-flex e-con-boxed e-con e-parent\" data-id=\"190df3d\" data-element_type=\"container\" data-e-type=\"container\" data-settings=\"{&quot;background_background&quot;:&quot;classic&quot;,&quot;_ha_eqh_enable&quot;:false}\">\n\t\t\t\t\t<div class=\"e-con-inner\">\n\t\t<div class=\"elementor-element elementor-element-b9d6dd5 e-con-full e-flex e-con e-child\" data-id=\"b9d6dd5\" data-element_type=\"container\" data-e-type=\"container\" data-settings=\"{&quot;_ha_eqh_enable&quot;:false}\">\n\t\t\t\t<div class=\"elementor-element elementor-element-b6f7362 elementor-widget elementor-widget-text-editor\" data-id=\"b6f7362\" data-element_type=\"widget\" data-e-type=\"widget\" data-widget_type=\"text-editor.default\">\n\t\t\t\t<div class=\"elementor-widget-container\">\n\t\t\t\t\t\t\t\t\t<p><a href=\"https:\/\/familyservicechq.org\/es\/\">Inicio<\/a> \/ Internship \/ Master&#8217;s Level<\/p>\t\t\t\t\t\t\t\t<\/div>\n\t\t\t\t<\/div>\n\t\t\t\t<\/div>\n\t\t\t\t\t<\/div>\n\t\t\t\t<\/div>\n\t\t<div class=\"elementor-element elementor-element-c9a06ba e-flex e-con-boxed e-con e-parent\" data-id=\"c9a06ba\" data-element_type=\"container\" data-e-type=\"container\" data-settings=\"{&quot;_ha_eqh_enable&quot;:false}\">\n\t\t\t\t\t<div class=\"e-con-inner\">\n\t\t<div class=\"elementor-element elementor-element-05fa500 e-con-full e-flex e-con e-child\" data-id=\"05fa500\" data-element_type=\"container\" data-e-type=\"container\" data-settings=\"{&quot;_ha_eqh_enable&quot;:false}\">\n\t\t\t\t<div class=\"elementor-element elementor-element-4f8eb76 elementor-invisible elementor-widget elementor-widget-heading\" data-id=\"4f8eb76\" data-element_type=\"widget\" data-e-type=\"widget\" data-settings=\"{&quot;_animation&quot;:&quot;fadeInUp&quot;}\" data-widget_type=\"heading.default\">\n\t\t\t\t<div class=\"elementor-widget-container\">\n\t\t\t\t\t<h3 class=\"elementor-heading-title elementor-size-default\">Oportunidades de Internado para Graduados<\/h3>\t\t\t\t<\/div>\n\t\t\t\t<\/div>\n\t\t\t\t<div class=\"elementor-element elementor-element-48e6bff elementor-widget elementor-widget-text-editor\" data-id=\"48e6bff\" data-element_type=\"widget\" data-e-type=\"widget\" data-widget_type=\"text-editor.default\">\n\t\t\t\t<div class=\"elementor-widget-container\">\n\t\t\t\t\t\t\t\t\t<p><span data-olk-copy-source=\"MessageBody\">\u00bfEres estudiante de maestr\u00eda en Trabajo Social, Consejer\u00eda de Salud Mental, Terapia Matrimonial y Familiar, o un campo relacionado? El Servicio Familiar de la Regi\u00f3n de Chautauqua ofrece una experiencia de internado pr\u00e1ctica y de apoyo dise\u00f1ada pa\u2019 ayudarte a crecer como profesional mientras haces una diferencia en tu comunidad.<\/span><\/p>\t\t\t\t\t\t\t\t<\/div>\n\t\t\t\t<\/div>\n\t\t<div class=\"elementor-element elementor-element-eb51e96 e-con-full e-flex e-con e-child\" data-id=\"eb51e96\" data-element_type=\"container\" data-e-type=\"container\" data-settings=\"{&quot;_ha_eqh_enable&quot;:false}\">\n\t\t<div class=\"elementor-element elementor-element-4b5ac1b e-con-full e-flex e-con e-child\" data-id=\"4b5ac1b\" data-element_type=\"container\" data-e-type=\"container\" data-settings=\"{&quot;background_background&quot;:&quot;classic&quot;,&quot;_ha_eqh_enable&quot;:false}\">\n\t\t\t\t<\/div>\n\t\t<div class=\"elementor-element elementor-element-b124995 e-con-full e-flex e-con e-child\" data-id=\"b124995\" data-element_type=\"container\" data-e-type=\"container\" data-settings=\"{&quot;_ha_eqh_enable&quot;:false}\">\n\t\t\t\t<div class=\"elementor-element elementor-element-903c256 elementor-widget elementor-widget-text-editor\" data-id=\"903c256\" data-element_type=\"widget\" data-e-type=\"widget\" data-widget_type=\"text-editor.default\">\n\t\t\t\t<div class=\"elementor-widget-container\">\n\t\t\t\t\t\t\t\t\t<p>Como interno, t\u00fa:<\/p><ul><li>Trabajar\u00e1s directamente con individuos, parejas y familias en nuestros programas de consejer\u00eda basados en la comunidad y en la oficina.<\/li><li>Recibir\u00e1s supervisi\u00f3n de cl\u00ednicos licenciados y con experiencia que est\u00e1n apasionados por apoyar tu desarrollo.<\/li><li>Obtendr\u00e1s exposici\u00f3n a una variedad de \u00e1reas de servicio, incluyendo consejer\u00eda ambulatoria, programas basados en el hogar, servicios del Programa de Asistencia al Empleado (PAE) y asociaciones comunitarias.<\/li><li>Aprender\u00e1s sobre el funcionamiento interno de una agencia de salud mental sin fines de lucro, desde la documentaci\u00f3n cl\u00ednica hasta la atenci\u00f3n colaborativa.<br \/>\u00a0<\/li><\/ul><p>Valoramos a los internos como una parte importante de nuestro equipo y nos esforzamos por crear una experiencia que sea tanto educativa como personalmente gratificante.<\/p><p>Elegibilidad:<\/p><ul><li>Inscripci\u00f3n en un programa de maestr\u00eda acreditado en Trabajo Social, Consejer\u00eda de Salud Mental, Terapia Matrimonial y Familiar, o un campo relacionado.<\/li><li>Capacidad pa\u2019 cumplir con los requisitos del programa pa\u2019 supervisi\u00f3n cl\u00ednica y horas de internado.<\/li><\/ul><p>Si est\u00e1s interesado en solicitar o saber m\u00e1s, por favor contacta nuestra oficina en <a href=\"tel:7164881971\">716-488-1971<\/a> or <a href=\"mailto:familyservice@familyservicechq.org.\">familyservice@familyservicechq.org.<\/a><\/p>\t\t\t\t\t\t\t\t<\/div>\n\t\t\t\t<\/div>\n\t\t\t\t<\/div>\n\t\t\t\t<\/div>\n\t\t\t\t<\/div>\n\t\t\t\t\t<\/div>\n\t\t\t\t<\/div>\n\t\t\t\t<\/div>","protected":false},"excerpt":{"rendered":"<p>Home \/ Internship \/ Master&#8217;s Level Graduate Internship Opportunities Are you a master\u2019s-level student in Social Work, Mental Health Counseling, Marriage and Family Therapy, or a related field? Family Service of the Chautauqua Region offers a supportive, hands-on internship experience designed to help you grow as a professional while making a difference in your community. [&hellip;]<\/p>\n","protected":false},"author":1,"featured_media":0,"parent":1234,"menu_order":0,"comment_status":"closed","ping_status":"closed","template":"elementor_header_footer","meta":{"give_campaign_id":0,"footnotes":""},"class_list":["post-1224","page","type-page","status-publish","hentry"],"campaignId":"","_links":{"self":[{"href":"https:\/\/familyservicechq.org\/es\/wp-json\/wp\/v2\/pages\/1224","targetHints":{"allow":["GET"]}}],"collection":[{"href":"https:\/\/familyservicechq.org\/es\/wp-json\/wp\/v2\/pages"}],"about":[{"href":"https:\/\/familyservicechq.org\/es\/wp-json\/wp\/v2\/types\/page"}],"author":[{"embeddable":true,"href":"https:\/\/familyservicechq.org\/es\/wp-json\/wp\/v2\/users\/1"}],"replies":[{"embeddable":true,"href":"https:\/\/familyservicechq.org\/es\/wp-json\/wp\/v2\/comments?post=1224"}],"version-history":[{"count":28,"href":"https:\/\/familyservicechq.org\/es\/wp-json\/wp\/v2\/pages\/1224\/revisions"}],"predecessor-version":[{"id":1534,"href":"https:\/\/familyservicechq.org\/es\/wp-json\/wp\/v2\/pages\/1224\/revisions\/1534"}],"up":[{"embeddable":true,"href":"https:\/\/familyservicechq.org\/es\/wp-json\/wp\/v2\/pages\/1234"}],"wp:attachment":[{"href":"https:\/\/familyservicechq.org\/es\/wp-json\/wp\/v2\/media?parent=1224"}],"curies":[{"name":"wp","href":"https:\/\/api.w.org\/{rel}","templated":true}]}}