{"id":549,"date":"2025-05-30T10:09:03","date_gmt":"2025-05-30T14:09:03","guid":{"rendered":"https:\/\/familyservicechq.org\/?page_id=549"},"modified":"2025-12-01T11:08:33","modified_gmt":"2025-12-01T16:08:33","slug":"about-us","status":"publish","type":"page","link":"https:\/\/familyservicechq.org\/es\/about-us\/","title":{"rendered":"Nosotros"},"content":{"rendered":"<div data-elementor-type=\"wp-page\" data-elementor-id=\"549\" class=\"elementor elementor-549\" data-elementor-settings=\"{&quot;ha_cmc_init_switcher&quot;:&quot;no&quot;}\" data-elementor-post-type=\"page\">\n\t\t\t\t<div class=\"elementor-element elementor-element-bbc7648 e-flex e-con-boxed e-con e-parent\" data-id=\"bbc7648\" data-element_type=\"container\" data-e-type=\"container\" data-settings=\"{&quot;background_background&quot;:&quot;classic&quot;,&quot;_ha_eqh_enable&quot;:false}\">\n\t\t\t\t\t<div class=\"e-con-inner\">\n\t\t<div class=\"elementor-element elementor-element-cf4594f e-con-full e-flex e-con e-child\" data-id=\"cf4594f\" data-element_type=\"container\" data-e-type=\"container\" data-settings=\"{&quot;_ha_eqh_enable&quot;:false}\">\n\t\t\t\t<div class=\"elementor-element elementor-element-7965b41 elementor-widget elementor-widget-text-editor\" data-id=\"7965b41\" data-element_type=\"widget\" data-e-type=\"widget\" data-widget_type=\"text-editor.default\">\n\t\t\t\t<div class=\"elementor-widget-container\">\n\t\t\t\t\t\t\t\t\t<p><a href=\"#\">Inicio<\/a> \/ Sobre nosotros<\/p>\t\t\t\t\t\t\t\t<\/div>\n\t\t\t\t<\/div>\n\t\t\t\t<\/div>\n\t\t\t\t\t<\/div>\n\t\t\t\t<\/div>\n\t\t\t\t<section class=\"elementor-section elementor-top-section elementor-element elementor-element-e505791 elementor-reverse-tablet elementor-reverse-mobile elementor-section-boxed elementor-section-height-default elementor-section-height-default\" data-id=\"e505791\" data-element_type=\"section\" data-e-type=\"section\" data-settings=\"{&quot;_ha_eqh_enable&quot;:false}\">\n\t\t\t\t\t\t<div class=\"elementor-container elementor-column-gap-default\">\n\t\t\t\t\t<div class=\"elementor-column elementor-col-50 elementor-top-column elementor-element elementor-element-ddfc6b5\" data-id=\"ddfc6b5\" data-element_type=\"column\" data-e-type=\"column\">\n\t\t\t<div class=\"elementor-widget-wrap elementor-element-populated\">\n\t\t\t\t\t\t<div class=\"elementor-element elementor-element-01c90c7 elementor-widget elementor-widget-heading\" data-id=\"01c90c7\" data-element_type=\"widget\" data-e-type=\"widget\" data-widget_type=\"heading.default\">\n\t\t\t\t<div class=\"elementor-widget-container\">\n\t\t\t\t\t<h2 class=\"elementor-heading-title elementor-size-default\">Sobre Family Service de Chautauqua<\/h2>\t\t\t\t<\/div>\n\t\t\t\t<\/div>\n\t\t\t\t<div class=\"elementor-element elementor-element-caf1c62 animated-slow elementor-invisible elementor-widget elementor-widget-heading\" data-id=\"caf1c62\" data-element_type=\"widget\" data-e-type=\"widget\" data-settings=\"{&quot;_animation&quot;:&quot;fadeInUp&quot;}\" data-widget_type=\"heading.default\">\n\t\t\t\t<div class=\"elementor-widget-container\">\n\t\t\t\t\t<h3 class=\"elementor-heading-title elementor-size-default\">Estamos aqu\u00ed para usted<\/h3>\t\t\t\t<\/div>\n\t\t\t\t<\/div>\n\t\t\t\t<div class=\"elementor-element elementor-element-c51c261 elementor-widget elementor-widget-text-editor\" data-id=\"c51c261\" data-element_type=\"widget\" data-e-type=\"widget\" data-widget_type=\"text-editor.default\">\n\t\t\t\t<div class=\"elementor-widget-container\">\n\t\t\t\t\t\t\t\t\t<p>Family Service of the Chautauqua Region se dedica a proporcionar terapia de salud mental integral e inclusiva a las diversas comunidades dentro de la gran regi\u00f3n de Chautauqua. Nos comprometemos a garantizar un acceso equitativo a nuestros servicios para todas las personas, familias y grupos. Esto incluye trabajar activamente para satisfacer las necesidades de aquellos con discapacidades f\u00edsicas, problemas de audici\u00f3n o visi\u00f3n, y personas que no hablan ingl\u00e9s. Tambi\u00e9n nos esforzamos por servir respetuosamente a varios subgrupos culturales de la comunidad, reconociendo y valorando las perspectivas \u00fanicas que aportan. Nuestro objetivo es crear un ambiente acogedor y accesible donde todos se sientan c\u00f3modos buscando el apoyo que necesitan.<\/p>\t\t\t\t\t\t\t\t<\/div>\n\t\t\t\t<\/div>\n\t\t\t\t<div class=\"elementor-element elementor-element-25dd985 elementor-widget elementor-widget-text-editor\" data-id=\"25dd985\" data-element_type=\"widget\" data-e-type=\"widget\" data-widget_type=\"text-editor.default\">\n\t\t\t\t<div class=\"elementor-widget-container\">\n\t\t\t\t\t\t\t\t\t<p>La diversidad, la equidad y la inclusi\u00f3n no son solo aspiraciones, sino principios fundamentales arraigados en cada aspecto de nuestras operaciones. Integramos activamente estas pr\u00e1cticas en nuestras estrategias comerciales y en nuestros esfuerzos de participaci\u00f3n comunitaria. Este compromiso garantiza que nuestros servicios, programas e iniciativas de alcance reflejen las diversas necesidades y or\u00edgenes de las poblaciones a las que servimos, fomentando una comunidad m\u00e1s justa y solidaria para todos.<\/p>\t\t\t\t\t\t\t\t<\/div>\n\t\t\t\t<\/div>\n\t\t\t\t<div class=\"elementor-element elementor-element-7067e8d elementor-widget elementor-widget-text-editor\" data-id=\"7067e8d\" data-element_type=\"widget\" data-e-type=\"widget\" data-widget_type=\"text-editor.default\">\n\t\t\t\t<div class=\"elementor-widget-container\">\n\t\t\t\t\t\t\t\t\t<p>M\u00e1s all\u00e1 de nuestro enfoque inclusivo, Family Service de la Regi\u00f3n de Chautauqua ofrece una amplia gama de programas dise\u00f1ados para empoderar a individuos y familias. Ya sea que alguien busque recuperar la estabilidad, superar desaf\u00edos o simplemente necesite una mano compasiva que le gu\u00ede, nuestra terapia de salud mental centrada en la familia y otros programas de apoyo est\u00e1n dise\u00f1ados para ayudarles a recuperarse y prosperar.<\/p>\t\t\t\t\t\t\t\t<\/div>\n\t\t\t\t<\/div>\n\t\t\t\t\t<\/div>\n\t\t<\/div>\n\t\t\t\t<div class=\"elementor-column elementor-col-50 elementor-top-column elementor-element elementor-element-0795918 animated-slow elementor-invisible\" data-id=\"0795918\" data-element_type=\"column\" data-e-type=\"column\" data-settings=\"{&quot;animation&quot;:&quot;fadeInRight&quot;}\">\n\t\t\t<div class=\"elementor-widget-wrap elementor-element-populated\">\n\t\t\t\t\t\t<div class=\"elementor-element elementor-element-b3e7ba0 elementor-widget elementor-widget-image\" data-id=\"b3e7ba0\" data-element_type=\"widget\" data-e-type=\"widget\" data-widget_type=\"image.default\">\n\t\t\t\t<div class=\"elementor-widget-container\">\n\t\t\t\t\t\t\t\t\t\t\t\t\t\t\t<img fetchpriority=\"high\" decoding=\"async\" width=\"640\" height=\"480\" src=\"https:\/\/familyservicechq.org\/wp-content\/uploads\/2025\/10\/IMG_7743.jpg\" class=\"attachment-full size-full wp-image-1179\" alt=\"\" srcset=\"https:\/\/familyservicechq.org\/wp-content\/uploads\/2025\/10\/IMG_7743.jpg 640w, https:\/\/familyservicechq.org\/wp-content\/uploads\/2025\/10\/IMG_7743-300x225.jpg 300w, https:\/\/familyservicechq.org\/wp-content\/uploads\/2025\/10\/IMG_7743-16x12.jpg 16w\" sizes=\"(max-width: 640px) 100vw, 640px\" \/>\t\t\t\t\t\t\t\t\t\t\t\t\t\t\t<\/div>\n\t\t\t\t<\/div>\n\t\t\t\t<div class=\"elementor-element elementor-element-03000b6 ha-has-bg-overlay elementor-widget elementor-widget-spacer\" data-id=\"03000b6\" data-element_type=\"widget\" data-e-type=\"widget\" data-widget_type=\"spacer.default\">\n\t\t\t\t<div class=\"elementor-widget-container\">\n\t\t\t\t\t\t\t<div class=\"elementor-spacer\">\n\t\t\t<div class=\"elementor-spacer-inner\"><\/div>\n\t\t<\/div>\n\t\t\t\t\t\t<\/div>\n\t\t\t\t<\/div>\n\t\t\t\t<div class=\"elementor-element elementor-element-b56a308 ha-has-bg-overlay elementor-widget elementor-widget-text-editor\" data-id=\"b56a308\" data-element_type=\"widget\" data-e-type=\"widget\" data-widget_type=\"text-editor.default\">\n\t\t\t\t<div class=\"elementor-widget-container\">\n\t\t\t\t\t\t\t\t\t<p>Proporcionando terapia de salud mental inclusiva y centrada en la familia, adem\u00e1s de programas de apoyo, a una diversa base de usuarios en toda la gran regi\u00f3n de Chautauqua.<\/p>\t\t\t\t\t\t\t\t<\/div>\n\t\t\t\t<\/div>\n\t\t\t\t\t<\/div>\n\t\t<\/div>\n\t\t\t\t\t<\/div>\n\t\t<\/section>\n\t\t<div class=\"elementor-element elementor-element-2abcfb8 e-flex e-con-boxed e-con e-parent\" data-id=\"2abcfb8\" data-element_type=\"container\" data-e-type=\"container\" data-settings=\"{&quot;background_background&quot;:&quot;classic&quot;,&quot;_ha_eqh_enable&quot;:false}\">\n\t\t\t\t\t<div class=\"e-con-inner\">\n\t\t<div class=\"elementor-element elementor-element-02c12d7 e-con-full e-flex e-con e-child\" data-id=\"02c12d7\" data-element_type=\"container\" data-e-type=\"container\" data-settings=\"{&quot;_ha_eqh_enable&quot;:false}\">\n\t\t\t\t<div class=\"elementor-element elementor-element-1f42be6 animated-slow elementor-invisible elementor-widget elementor-widget-heading\" data-id=\"1f42be6\" data-element_type=\"widget\" data-e-type=\"widget\" data-settings=\"{&quot;_animation&quot;:&quot;fadeInUp&quot;}\" data-widget_type=\"heading.default\">\n\t\t\t\t<div class=\"elementor-widget-container\">\n\t\t\t\t\t<h3 class=\"elementor-heading-title elementor-size-default\">Nuestros servicios<\/h3>\t\t\t\t<\/div>\n\t\t\t\t<\/div>\n\t\t\t\t<\/div>\n\t\t<div class=\"elementor-element elementor-element-cd6cf44 animated-slow e-con-full e-flex elementor-invisible e-con e-child\" data-id=\"cd6cf44\" data-element_type=\"container\" data-e-type=\"container\" data-settings=\"{&quot;animation&quot;:&quot;fadeInRight&quot;,&quot;_ha_eqh_enable&quot;:false}\">\n\t\t<div class=\"elementor-element elementor-element-a694293 e-con-full e-flex e-con e-child\" data-id=\"a694293\" data-element_type=\"container\" data-e-type=\"container\" data-settings=\"{&quot;_ha_eqh_enable&quot;:false}\">\n\t\t<div class=\"elementor-element elementor-element-4195fa5 e-con-full e-flex e-con e-child\" data-id=\"4195fa5\" data-element_type=\"container\" data-e-type=\"container\" data-settings=\"{&quot;_ha_eqh_enable&quot;:false}\">\n\t\t\t\t<div class=\"elementor-element elementor-element-64e6086 elementor-widget elementor-widget-image-box\" data-id=\"64e6086\" data-element_type=\"widget\" data-e-type=\"widget\" data-widget_type=\"image-box.default\">\n\t\t\t\t<div class=\"elementor-widget-container\">\n\t\t\t\t\t<div class=\"elementor-image-box-wrapper\"><div class=\"elementor-image-box-content\"><p class=\"elementor-image-box-description\">Consejer\u00eda en Oficina: <br>Cuidando a nuestras familias<\/p><\/div><\/div>\t\t\t\t<\/div>\n\t\t\t\t<\/div>\n\t\t\t\t<\/div>\n\t\t<div class=\"elementor-element elementor-element-71129e7 e-con-full e-flex e-con e-child\" data-id=\"71129e7\" data-element_type=\"container\" data-e-type=\"container\" data-settings=\"{&quot;_ha_eqh_enable&quot;:false}\">\n\t\t\t\t<div class=\"elementor-element elementor-element-6c32196 elementor-widget elementor-widget-image-box\" data-id=\"6c32196\" data-element_type=\"widget\" data-e-type=\"widget\" data-widget_type=\"image-box.default\">\n\t\t\t\t<div class=\"elementor-widget-container\">\n\t\t\t\t\t<div class=\"elementor-image-box-wrapper\"><div class=\"elementor-image-box-content\"><p class=\"elementor-image-box-description\">Visitas a domicilio: <br>Cuidando a los Confinados en el HogarRetry<\/p><\/div><\/div>\t\t\t\t<\/div>\n\t\t\t\t<\/div>\n\t\t\t\t<\/div>\n\t\t<div class=\"elementor-element elementor-element-2301797 e-con-full e-flex e-con e-child\" data-id=\"2301797\" data-element_type=\"container\" data-e-type=\"container\" data-settings=\"{&quot;_ha_eqh_enable&quot;:false}\">\n\t\t\t\t<div class=\"elementor-element elementor-element-fd7353b elementor-widget elementor-widget-image-box\" data-id=\"fd7353b\" data-element_type=\"widget\" data-e-type=\"widget\" data-widget_type=\"image-box.default\">\n\t\t\t\t<div class=\"elementor-widget-container\">\n\t\t\t\t\t<div class=\"elementor-image-box-wrapper\"><div class=\"elementor-image-box-content\"><p class=\"elementor-image-box-description\">Programa de Asistencia al Empleado: <br>Cuidando a nuestros trabajadores<\/p><\/div><\/div>\t\t\t\t<\/div>\n\t\t\t\t<\/div>\n\t\t\t\t<\/div>\n\t\t\t\t<\/div>\n\t\t<div class=\"elementor-element elementor-element-6708f5e e-con-full e-flex e-con e-child\" data-id=\"6708f5e\" data-element_type=\"container\" data-e-type=\"container\" data-settings=\"{&quot;_ha_eqh_enable&quot;:false}\">\n\t\t<a class=\"elementor-element elementor-element-c2a2a40 e-con-full e-flex e-con e-child\" data-id=\"c2a2a40\" data-element_type=\"container\" data-e-type=\"container\" data-settings=\"{&quot;background_background&quot;:&quot;classic&quot;,&quot;_ha_eqh_enable&quot;:false}\" href=\"https:\/\/familyservicechq.org\/wp-content\/uploads\/2025\/10\/Family-Focused-MH-Brochure.pdf\" target=\"_blank\">\n\t\t\t\t<div class=\"elementor-element elementor-element-4fb662f elementor-widget elementor-widget-image-box\" data-id=\"4fb662f\" data-element_type=\"widget\" data-e-type=\"widget\" data-widget_type=\"image-box.default\">\n\t\t\t\t<div class=\"elementor-widget-container\">\n\t\t\t\t\t<div class=\"elementor-image-box-wrapper\"><div class=\"elementor-image-box-content\"><p class=\"elementor-image-box-description\">Descargar Folleto<\/p><\/div><\/div>\t\t\t\t<\/div>\n\t\t\t\t<\/div>\n\t\t\t\t<\/a>\n\t\t<a class=\"elementor-element elementor-element-92344ff e-con-full e-flex e-con e-child\" data-id=\"92344ff\" data-element_type=\"container\" data-e-type=\"container\" data-settings=\"{&quot;background_background&quot;:&quot;classic&quot;,&quot;_ha_eqh_enable&quot;:false}\" href=\"https:\/\/familyservicechq.org\/wp-content\/uploads\/2025\/10\/House-Calls.pdf\" target=\"_blank\">\n\t\t\t\t<div class=\"elementor-element elementor-element-a4a0c4e elementor-widget elementor-widget-image-box\" data-id=\"a4a0c4e\" data-element_type=\"widget\" data-e-type=\"widget\" data-widget_type=\"image-box.default\">\n\t\t\t\t<div class=\"elementor-widget-container\">\n\t\t\t\t\t<div class=\"elementor-image-box-wrapper\"><div class=\"elementor-image-box-content\"><p class=\"elementor-image-box-description\">Descargar Folleto<\/p><\/div><\/div>\t\t\t\t<\/div>\n\t\t\t\t<\/div>\n\t\t\t\t<\/a>\n\t\t<a class=\"elementor-element elementor-element-b5788dd e-con-full e-flex e-con e-child\" data-id=\"b5788dd\" data-element_type=\"container\" data-e-type=\"container\" data-settings=\"{&quot;background_background&quot;:&quot;classic&quot;,&quot;_ha_eqh_enable&quot;:false}\" href=\"https:\/\/familyservicechq.org\/wp-content\/uploads\/2025\/10\/EAP-Brochure.pdf\" target=\"_blank\">\n\t\t\t\t<div class=\"elementor-element elementor-element-29a19fe elementor-widget elementor-widget-image-box\" data-id=\"29a19fe\" data-element_type=\"widget\" data-e-type=\"widget\" data-widget_type=\"image-box.default\">\n\t\t\t\t<div class=\"elementor-widget-container\">\n\t\t\t\t\t<div class=\"elementor-image-box-wrapper\"><div class=\"elementor-image-box-content\"><p class=\"elementor-image-box-description\">Descargar Folleto<\/p><\/div><\/div>\t\t\t\t<\/div>\n\t\t\t\t<\/div>\n\t\t\t\t<\/a>\n\t\t\t\t<\/div>\n\t\t<div class=\"elementor-element elementor-element-315a4a0 e-con-full e-flex e-con e-child\" data-id=\"315a4a0\" data-element_type=\"container\" data-e-type=\"container\" data-settings=\"{&quot;_ha_eqh_enable&quot;:false}\">\n\t\t<div class=\"elementor-element elementor-element-84159d4 e-con-full e-flex e-con e-child\" data-id=\"84159d4\" data-element_type=\"container\" data-e-type=\"container\" data-settings=\"{&quot;_ha_eqh_enable&quot;:false}\">\n\t\t\t\t<div class=\"elementor-element elementor-element-a889629 elementor-widget elementor-widget-image-box\" data-id=\"a889629\" data-element_type=\"widget\" data-e-type=\"widget\" data-widget_type=\"image-box.default\">\n\t\t\t\t<div class=\"elementor-widget-container\">\n\t\t\t\t\t<div class=\"elementor-image-box-wrapper\"><div class=\"elementor-image-box-content\"><p class=\"elementor-image-box-description\">Navegaci\u00f3n de Cuidado Social: <br>Cuidando Nuestra Comunidad<\/p><\/div><\/div>\t\t\t\t<\/div>\n\t\t\t\t<\/div>\n\t\t\t\t<\/div>\n\t\t<div class=\"elementor-element elementor-element-8dc8b8a e-con-full e-flex e-con e-child\" data-id=\"8dc8b8a\" data-element_type=\"container\" data-e-type=\"container\" data-settings=\"{&quot;_ha_eqh_enable&quot;:false}\">\n\t\t\t\t<div class=\"elementor-element elementor-element-e4582cd elementor-widget elementor-widget-image-box\" data-id=\"e4582cd\" data-element_type=\"widget\" data-e-type=\"widget\" data-widget_type=\"image-box.default\">\n\t\t\t\t<div class=\"elementor-widget-container\">\n\t\t\t\t\t<div class=\"elementor-image-box-wrapper\"><div class=\"elementor-image-box-content\"><p class=\"elementor-image-box-description\">Psychology<br>Brochure<\/p><\/div><\/div>\t\t\t\t<\/div>\n\t\t\t\t<\/div>\n\t\t\t\t<\/div>\n\t\t<div class=\"elementor-element elementor-element-77c423c e-con-full e-flex e-con e-child\" data-id=\"77c423c\" data-element_type=\"container\" data-e-type=\"container\" data-settings=\"{&quot;_ha_eqh_enable&quot;:false}\">\n\t\t\t\t<div class=\"elementor-element elementor-element-851192d elementor-widget elementor-widget-image-box\" data-id=\"851192d\" data-element_type=\"widget\" data-e-type=\"widget\" data-widget_type=\"image-box.default\">\n\t\t\t\t<div class=\"elementor-widget-container\">\n\t\t\t\t\t<div class=\"elementor-image-box-wrapper\"><div class=\"elementor-image-box-content\"><p class=\"elementor-image-box-description\">Programa de Alcance Hispano\n<br>Preocuparse por la diversidad<\/p><\/div><\/div>\t\t\t\t<\/div>\n\t\t\t\t<\/div>\n\t\t\t\t<\/div>\n\t\t\t\t<\/div>\n\t\t<div class=\"elementor-element elementor-element-2ae076c e-con-full e-flex e-con e-child\" data-id=\"2ae076c\" data-element_type=\"container\" data-e-type=\"container\" data-settings=\"{&quot;_ha_eqh_enable&quot;:false}\">\n\t\t<a class=\"elementor-element elementor-element-3a844f6 e-con-full e-flex e-con e-child\" data-id=\"3a844f6\" data-element_type=\"container\" data-e-type=\"container\" data-settings=\"{&quot;background_background&quot;:&quot;classic&quot;,&quot;_ha_eqh_enable&quot;:false}\" href=\"https:\/\/familyservicechq.org\/wp-content\/uploads\/2025\/10\/Family-Focused-MH-Brochure.pdf\" target=\"_blank\">\n\t\t\t\t<div class=\"elementor-element elementor-element-6ad82ef elementor-widget elementor-widget-image-box\" data-id=\"6ad82ef\" data-element_type=\"widget\" data-e-type=\"widget\" data-widget_type=\"image-box.default\">\n\t\t\t\t<div class=\"elementor-widget-container\">\n\t\t\t\t\t<div class=\"elementor-image-box-wrapper\"><div class=\"elementor-image-box-content\"><p class=\"elementor-image-box-description\">&nbsp;<\/p><\/div><\/div>\t\t\t\t<\/div>\n\t\t\t\t<\/div>\n\t\t\t\t<\/a>\n\t\t<a class=\"elementor-element elementor-element-f4536d4 e-con-full e-flex e-con e-child\" data-id=\"f4536d4\" data-element_type=\"container\" data-e-type=\"container\" data-settings=\"{&quot;background_background&quot;:&quot;classic&quot;,&quot;_ha_eqh_enable&quot;:false}\" href=\"https:\/\/familyservicechq.org\/wp-content\/uploads\/2025\/10\/Psych-Intern-Program-Brochure.pdf\" target=\"_blank\">\n\t\t\t\t<div class=\"elementor-element elementor-element-3a51600 elementor-widget elementor-widget-image-box\" data-id=\"3a51600\" data-element_type=\"widget\" data-e-type=\"widget\" data-widget_type=\"image-box.default\">\n\t\t\t\t<div class=\"elementor-widget-container\">\n\t\t\t\t\t<div class=\"elementor-image-box-wrapper\"><div class=\"elementor-image-box-content\"><p class=\"elementor-image-box-description\">Descargar Folleto<\/p><\/div><\/div>\t\t\t\t<\/div>\n\t\t\t\t<\/div>\n\t\t\t\t<\/a>\n\t\t<a class=\"elementor-element elementor-element-e7ce69f e-con-full e-flex e-con e-child\" data-id=\"e7ce69f\" data-element_type=\"container\" data-e-type=\"container\" data-settings=\"{&quot;background_background&quot;:&quot;classic&quot;,&quot;_ha_eqh_enable&quot;:false}\" href=\"https:\/\/familyservicechq.org\/wp-content\/uploads\/2025\/10\/EAP-Brochure.pdf\" target=\"_blank\">\n\t\t\t\t<div class=\"elementor-element elementor-element-b2c166d elementor-widget elementor-widget-image-box\" data-id=\"b2c166d\" data-element_type=\"widget\" data-e-type=\"widget\" data-widget_type=\"image-box.default\">\n\t\t\t\t<div class=\"elementor-widget-container\">\n\t\t\t\t\t<div class=\"elementor-image-box-wrapper\"><div class=\"elementor-image-box-content\"><p class=\"elementor-image-box-description\">&nbsp;<\/p><\/div><\/div>\t\t\t\t<\/div>\n\t\t\t\t<\/div>\n\t\t\t\t<\/a>\n\t\t\t\t<\/div>\n\t\t\t\t<\/div>\n\t\t\t\t\t<\/div>\n\t\t\t\t<\/div>\n\t\t\t\t<\/div>","protected":false},"excerpt":{"rendered":"<p>Home \/ About Us About Family Service of Chautauqua We Are Here for You Family Service of the Chautauqua Region is dedicated to providing comprehensive and inclusive mental health therapy to the diverse communities within the greater Chautauqua region. We are committed to ensuring equitable access to our services for all individuals, families, and groups. [&hellip;]<\/p>\n","protected":false},"author":1,"featured_media":0,"parent":0,"menu_order":0,"comment_status":"closed","ping_status":"closed","template":"elementor_header_footer","meta":{"give_campaign_id":0,"footnotes":""},"class_list":["post-549","page","type-page","status-publish","hentry"],"campaignId":"","_links":{"self":[{"href":"https:\/\/familyservicechq.org\/es\/wp-json\/wp\/v2\/pages\/549","targetHints":{"allow":["GET"]}}],"collection":[{"href":"https:\/\/familyservicechq.org\/es\/wp-json\/wp\/v2\/pages"}],"about":[{"href":"https:\/\/familyservicechq.org\/es\/wp-json\/wp\/v2\/types\/page"}],"author":[{"embeddable":true,"href":"https:\/\/familyservicechq.org\/es\/wp-json\/wp\/v2\/users\/1"}],"replies":[{"embeddable":true,"href":"https:\/\/familyservicechq.org\/es\/wp-json\/wp\/v2\/comments?post=549"}],"version-history":[{"count":71,"href":"https:\/\/familyservicechq.org\/es\/wp-json\/wp\/v2\/pages\/549\/revisions"}],"predecessor-version":[{"id":1597,"href":"https:\/\/familyservicechq.org\/es\/wp-json\/wp\/v2\/pages\/549\/revisions\/1597"}],"wp:attachment":[{"href":"https:\/\/familyservicechq.org\/es\/wp-json\/wp\/v2\/media?parent=549"}],"curies":[{"name":"wp","href":"https:\/\/api.w.org\/{rel}","templated":true}]}}