{"id":769,"date":"2025-06-06T15:45:38","date_gmt":"2025-06-06T19:45:38","guid":{"rendered":"https:\/\/familyservicechq.org\/?page_id=769"},"modified":"2025-12-01T11:10:32","modified_gmt":"2025-12-01T16:10:32","slug":"doctoral-psychology","status":"publish","type":"page","link":"https:\/\/familyservicechq.org\/es\/internship\/doctoral-psychology\/","title":{"rendered":"Psicolog\u00eda Doctoral"},"content":{"rendered":"<div data-elementor-type=\"wp-page\" data-elementor-id=\"769\" class=\"elementor elementor-769\" data-elementor-settings=\"{&quot;ha_cmc_init_switcher&quot;:&quot;no&quot;}\" data-elementor-post-type=\"page\">\n\t\t\t\t<div class=\"elementor-element elementor-element-190df3d e-flex e-con-boxed e-con e-parent\" data-id=\"190df3d\" data-element_type=\"container\" data-e-type=\"container\" data-settings=\"{&quot;background_background&quot;:&quot;classic&quot;,&quot;_ha_eqh_enable&quot;:false}\">\n\t\t\t\t\t<div class=\"e-con-inner\">\n\t\t<div class=\"elementor-element elementor-element-b9d6dd5 e-con-full e-flex e-con e-child\" data-id=\"b9d6dd5\" data-element_type=\"container\" data-e-type=\"container\" data-settings=\"{&quot;_ha_eqh_enable&quot;:false}\">\n\t\t\t\t<div class=\"elementor-element elementor-element-b6f7362 elementor-widget elementor-widget-text-editor\" data-id=\"b6f7362\" data-element_type=\"widget\" data-e-type=\"widget\" data-widget_type=\"text-editor.default\">\n\t\t\t\t<div class=\"elementor-widget-container\">\n\t\t\t\t\t\t\t\t\t<p><a href=\"https:\/\/familyservicechq.org\/es\/\">Inicio<\/a> \/ Internship\/ Doctoral Psychology<\/p>\t\t\t\t\t\t\t\t<\/div>\n\t\t\t\t<\/div>\n\t\t\t\t<\/div>\n\t\t\t\t\t<\/div>\n\t\t\t\t<\/div>\n\t\t<div class=\"elementor-element elementor-element-c9a06ba e-flex e-con-boxed e-con e-parent\" data-id=\"c9a06ba\" data-element_type=\"container\" data-e-type=\"container\" data-settings=\"{&quot;_ha_eqh_enable&quot;:false}\">\n\t\t\t\t\t<div class=\"e-con-inner\">\n\t\t<div class=\"elementor-element elementor-element-05fa500 e-con-full e-flex e-con e-child\" data-id=\"05fa500\" data-element_type=\"container\" data-e-type=\"container\" data-settings=\"{&quot;_ha_eqh_enable&quot;:false}\">\n\t\t\t\t<div class=\"elementor-element elementor-element-fefee86 elementor-widget elementor-widget-heading\" data-id=\"fefee86\" data-element_type=\"widget\" data-e-type=\"widget\" data-widget_type=\"heading.default\">\n\t\t\t\t<div class=\"elementor-widget-container\">\n\t\t\t\t\t<h2 class=\"elementor-heading-title elementor-size-default\">Cultivando Futuros Psic\u00f3logos: <\/h2>\t\t\t\t<\/div>\n\t\t\t\t<\/div>\n\t\t\t\t<div class=\"elementor-element elementor-element-4f8eb76 elementor-invisible elementor-widget elementor-widget-heading\" data-id=\"4f8eb76\" data-element_type=\"widget\" data-e-type=\"widget\" data-settings=\"{&quot;_animation&quot;:&quot;fadeInUp&quot;}\" data-widget_type=\"heading.default\">\n\t\t\t\t<div class=\"elementor-widget-container\">\n\t\t\t\t\t<h3 class=\"elementor-heading-title elementor-size-default\">Presentando Nuestro Nuevo Programa de Internado<\/h3>\t\t\t\t<\/div>\n\t\t\t\t<\/div>\n\t\t<div class=\"elementor-element elementor-element-eb51e96 e-con-full e-flex e-con e-child\" data-id=\"eb51e96\" data-element_type=\"container\" data-e-type=\"container\" data-settings=\"{&quot;_ha_eqh_enable&quot;:false}\">\n\t\t<div class=\"elementor-element elementor-element-4b5ac1b e-con-full e-flex e-con e-child\" data-id=\"4b5ac1b\" data-element_type=\"container\" data-e-type=\"container\" data-settings=\"{&quot;_ha_eqh_enable&quot;:false}\">\n\t\t\t\t<div class=\"elementor-element elementor-element-48e6bff elementor-widget elementor-widget-text-editor\" data-id=\"48e6bff\" data-element_type=\"widget\" data-e-type=\"widget\" data-widget_type=\"text-editor.default\">\n\t\t\t\t<div class=\"elementor-widget-container\">\n\t\t\t\t\t\t\t\t\t<p>Family Service of the Chautauqua Region tiene una rica historia de 120 a\u00f1os apoyando a individuos vulnerables en el Condado de Chautauqua. Por d\u00e9cadas, una fortaleza principal ha sido nuestra dedicaci\u00f3n a educar a futuros consejeros en varios campos a trav\u00e9s de practicums e internados. Ahora, estamos emocionados de anunciar una expansi\u00f3n significativa de este compromiso: el lanzamiento de nuestro Programa de Internado Doctoral en Psicolog\u00eda y Programa de Residencia Postdoctoral en Oto\u00f1o de 2026.\u00a0<\/p><p>Estos dos a\u00f1os de entrenamiento y pr\u00e1ctica supervisada son un paso requerido pa\u2019 que un psic\u00f3logo obtenga su licencia independiente. Nuestra regi\u00f3n hist\u00f3ricamente ha carecido de un programa organizado pa\u2019 completar este paso crucial sin tener que salir del \u00e1rea. Eso est\u00e1 por cambiar\u2014estamos entusiasmados de estar aceptando solicitudes pa\u2019 nuestra primera cohorte de internos y postdocs.<\/p>\t\t\t\t\t\t\t\t<\/div>\n\t\t\t\t<\/div>\n\t\t\t\t<\/div>\n\t\t<div class=\"elementor-element elementor-element-b124995 e-con-full e-flex e-con e-child\" data-id=\"b124995\" data-element_type=\"container\" data-e-type=\"container\" data-settings=\"{&quot;_ha_eqh_enable&quot;:false}\">\n\t\t\t\t<div class=\"elementor-element elementor-element-903c256 elementor-widget elementor-widget-text-editor\" data-id=\"903c256\" data-element_type=\"widget\" data-e-type=\"widget\" data-widget_type=\"text-editor.default\">\n\t\t\t\t<div class=\"elementor-widget-container\">\n\t\t\t\t\t\t\t\t\t<p><strong>Una Experiencia de Formaci\u00f3n Integral en un Entorno Rural<\/strong><\/p><p>Nuestro programa est\u00e1 dise\u00f1ado pa\u2019 preparar a los internos pa\u2019 una experiencia generalista en psicolog\u00eda. Practicar en un \u00e1rea rural significa adoptar el rol de generalista. Nuestros internos tendr\u00e1n una amplia exposici\u00f3n a una variedad de clientes ambulatorios y m\u00faltiples entornos. Las edades variar\u00e1n desde nenes hasta personas mayores. Los internos podr\u00e1n participar en consejer\u00eda individual y tambi\u00e9n familiar. Los internos tendr\u00e1n una colocaci\u00f3n concurrente en una escuela o en un entorno de salud mental comunitaria, determinada por las metas del interno y las oportunidades disponibles.\u00a0<\/p>\t\t\t\t\t\t\t\t<\/div>\n\t\t\t\t<\/div>\n\t\t\t\t<\/div>\n\t\t\t\t<\/div>\n\t\t\t\t<\/div>\n\t\t\t\t\t<\/div>\n\t\t\t\t<\/div>\n\t\t<div class=\"elementor-element elementor-element-819116d e-flex e-con-boxed e-con e-parent\" data-id=\"819116d\" data-element_type=\"container\" data-e-type=\"container\" data-settings=\"{&quot;_ha_eqh_enable&quot;:false}\">\n\t\t\t\t\t<div class=\"e-con-inner\">\n\t\t<div class=\"elementor-element elementor-element-c4c94b8 e-con-full e-flex e-con e-child\" data-id=\"c4c94b8\" data-element_type=\"container\" data-e-type=\"container\" data-settings=\"{&quot;_ha_eqh_enable&quot;:false}\">\n\t\t\t\t<div class=\"elementor-element elementor-element-0570d22 elementor-widget elementor-widget-text-editor\" data-id=\"0570d22\" data-element_type=\"widget\" data-e-type=\"widget\" data-widget_type=\"text-editor.default\">\n\t\t\t\t<div class=\"elementor-widget-container\">\n\t\t\t\t\t\t\t\t\t<p><strong>Supervision Robusta y Entrenamiento Did\u00e1ctico<\/strong><\/p><p>Nuestro programa provee supervisi\u00f3n y experiencias de aprendizaje personalizadas. Junto con dos horas semanales de supervisi\u00f3n individual con un psic\u00f3logo licenciado, los internos participar\u00e1n en supervisi\u00f3n grupal semanal y podr\u00e1n consultar con Trabajadores Sociales Cl\u00ednicos Licenciados y otro personal con experiencia. Fomentamos un enfoque de equipo multidisciplinario. El entrenamiento did\u00e1ctico ser\u00e1 una combinaci\u00f3n de capacitaci\u00f3n presentada por nuestro personal y la visualizaci\u00f3n de cursos de educaci\u00f3n continua en l\u00ednea, los cuales luego podremos discutir y analizar. Promovemos la participaci\u00f3n comunitaria y destinamos el 20% del tiempo del internado para disertaciones u otros proyectos. El estipendio del internado es de $25,000 por un per\u00edodo de 12 meses, y el estipendio para Residentes Postdoctorales es de $50,000. Los detalles completos se pueden encontrar en nuestro Manual de Internado.<\/p>\t\t\t\t\t\t\t\t<\/div>\n\t\t\t\t<\/div>\n\t\t\t\t<div class=\"elementor-element elementor-element-e3e0868 elementor-align-justify elementor-widget__width-inherit elementor-widget elementor-widget-button\" data-id=\"e3e0868\" data-element_type=\"widget\" data-e-type=\"widget\" data-widget_type=\"button.default\">\n\t\t\t\t<div class=\"elementor-widget-container\">\n\t\t\t\t\t\t\t\t\t<div class=\"elementor-button-wrapper\">\n\t\t\t\t\t<a class=\"elementor-button elementor-button-link elementor-size-sm\" href=\"https:\/\/familyservicechq.org\/wp-content\/uploads\/2025\/11\/FINAL-Psych-Intern-Handbook.pdf\" target=\"_blank\">\n\t\t\t\t\t\t<span class=\"elementor-button-content-wrapper\">\n\t\t\t\t\t\t\t\t\t<span class=\"elementor-button-text\">Descarga el Manual Aqu\u00ed<\/span>\n\t\t\t\t\t<\/span>\n\t\t\t\t\t<\/a>\n\t\t\t\t<\/div>\n\t\t\t\t\t\t\t\t<\/div>\n\t\t\t\t<\/div>\n\t\t\t\t<\/div>\n\t\t<div class=\"elementor-element elementor-element-97e9b1a e-con-full e-flex e-con e-child\" data-id=\"97e9b1a\" data-element_type=\"container\" data-e-type=\"container\" data-settings=\"{&quot;_ha_eqh_enable&quot;:false}\">\n\t\t\t\t<div class=\"elementor-element elementor-element-ffe7daa elementor-widget elementor-widget-text-editor\" data-id=\"ffe7daa\" data-element_type=\"widget\" data-e-type=\"widget\" data-widget_type=\"text-editor.default\">\n\t\t\t\t<div class=\"elementor-widget-container\">\n\t\t\t\t\t\t\t\t\t<p><strong>Nuestra Filosof\u00eda Educativa: Desarrollando Cl\u00ednicos Integrales<\/strong><\/p><p>Nuestra filosof\u00eda educativa est\u00e1 enraizada en la creencia de que un psic\u00f3logo integral necesita entender la investigaci\u00f3n y tambi\u00e9n tener un aprendizaje pr\u00e1ctico guiado por profesionales con experiencia. Creemos que cada individuo es \u00fanico y que la habilidad pa\u2019 fomentar una alianza terap\u00e9utica es fundamental pa\u2019 la terapia. Nuestras metas son preparar a los internos pa\u2019 un servicio psicol\u00f3gico que est\u00e9 centrado en el cliente e informado por la investigaci\u00f3n. Los internos deben llegar con habilidades b\u00e1sicas en formar relaciones terap\u00e9uticas y administrar evaluaciones psicol\u00f3gicas. Durante el internado, se desarrollar\u00e1n habilidades pa\u2019 el diagn\u00f3stico, la planificaci\u00f3n y la implementaci\u00f3n del tratamiento. Damos la bienvenida a enfoques ecl\u00e9cticos y enfatizaremos la Terapia Centrada en el Cliente, la Terapia Cognitivo-Conductual y la Entrevista Motivacional como paradigmas centrales.<\/p>\t\t\t\t\t\t\t\t<\/div>\n\t\t\t\t<\/div>\n\t\t\t\t<div class=\"elementor-element elementor-element-5216be4 elementor-align-justify elementor-widget__width-inherit elementor-widget elementor-widget-button\" data-id=\"5216be4\" data-element_type=\"widget\" data-e-type=\"widget\" data-widget_type=\"button.default\">\n\t\t\t\t<div class=\"elementor-widget-container\">\n\t\t\t\t\t\t\t\t\t<div class=\"elementor-button-wrapper\">\n\t\t\t\t\t<a class=\"elementor-button elementor-button-link elementor-size-sm\" href=\"https:\/\/familyservicechq.org\/wp-content\/uploads\/2025\/12\/Internship-Brochure-11.2025.pdf\" target=\"_blank\">\n\t\t\t\t\t\t<span class=\"elementor-button-content-wrapper\">\n\t\t\t\t\t\t\t\t\t<span class=\"elementor-button-text\">Descarga el Brochure Aqu\u00ed<\/span>\n\t\t\t\t\t<\/span>\n\t\t\t\t\t<\/a>\n\t\t\t\t<\/div>\n\t\t\t\t\t\t\t\t<\/div>\n\t\t\t\t<\/div>\n\t\t\t\t<\/div>\n\t\t<div class=\"elementor-element elementor-element-ceb1653 e-con-full e-flex e-con e-child\" data-id=\"ceb1653\" data-element_type=\"container\" data-e-type=\"container\" data-settings=\"{&quot;_ha_eqh_enable&quot;:false}\">\n\t\t\t\t<div class=\"elementor-element elementor-element-386156c elementor-widget elementor-widget-text-editor\" data-id=\"386156c\" data-element_type=\"widget\" data-e-type=\"widget\" data-widget_type=\"text-editor.default\">\n\t\t\t\t<div class=\"elementor-widget-container\">\n\t\t\t\t\t\t\t\t\t<p><strong>La Agencia: Un Legado de Cuidado<\/strong><\/p><p>El Servicio Familiar ha sido un proveedor respetado de servicios de consejer\u00eda en el Condado de Chautauqua desde la d\u00e9cada de 1940, ofreciendo servicios en nuestras oficinas y escuelas locales. El personal incluye un psic\u00f3logo licenciado y un candidato doctoral en psicolog\u00eda, 2 trabajadores sociales cl\u00ednicos licenciados y varios consejeros de salud mental.<\/p>\t\t\t\t\t\t\t\t<\/div>\n\t\t\t\t<\/div>\n\t\t\t\t<\/div>\n\t\t\t\t\t<\/div>\n\t\t\t\t<\/div>\n\t\t<div class=\"elementor-element elementor-element-af69244 e-flex e-con-boxed e-con e-parent\" data-id=\"af69244\" data-element_type=\"container\" data-e-type=\"container\" data-settings=\"{&quot;background_background&quot;:&quot;classic&quot;,&quot;_ha_eqh_enable&quot;:false}\">\n\t\t\t\t\t<div class=\"e-con-inner\">\n\t\t<div class=\"elementor-element elementor-element-b68b2ea e-con-full e-flex e-con e-child\" data-id=\"b68b2ea\" data-element_type=\"container\" data-e-type=\"container\" data-settings=\"{&quot;_ha_eqh_enable&quot;:false}\">\n\t\t\t\t<\/div>\n\t\t<div class=\"elementor-element elementor-element-ad01636 e-con-full e-flex e-con e-child\" data-id=\"ad01636\" data-element_type=\"container\" data-e-type=\"container\" data-settings=\"{&quot;_ha_eqh_enable&quot;:false}\">\n\t\t\t\t<div class=\"elementor-element elementor-element-0828dad elementor-widget elementor-widget-text-editor\" data-id=\"0828dad\" data-element_type=\"widget\" data-e-type=\"widget\" data-widget_type=\"text-editor.default\">\n\t\t\t\t<div class=\"elementor-widget-container\">\n\t\t\t\t\t\t\t\t\t<p><strong>Descubre el Condado de Chautauqua: Un Lugar para Prosperar<\/strong><\/p><p>El condado de Chautauqua ofrece una mezcla notable de estilo de vida y oportunidades. Ya sea que anheles aventuras al aire libre \u2014senderismo, paseos en bote, pesca, esqu\u00ed\u2014 o prefieras un ritmo m\u00e1s lento junto al lago, nuestro paisaje se ajusta a tus deseos. Para el alma art\u00edstica, descubrir\u00e1s una comunidad vibrante en la hist\u00f3rica Instituci\u00f3n Chautauqua, el Centro Nacional de la Comedia, el Centro de las Artes Reg Lenna y un sinf\u00edn de otros lugares.<\/p><p>Pero el Condado de Chautauqua es m\u00e1s que solo lugares y pasiones; es un lugar donde la asequibilidad se une a la oportunidad. Disfruta de una gran calidad de vida sin el alto costo de la vida. Aqu\u00ed, encontrar\u00e1s personas que comparten tus pasiones, formando conexiones que te har\u00e1n sentir como en casa. No importa qui\u00e9n seas o qu\u00e9 te d\u00e9 vida, el Condado de Chautauqua realmente tiene un lugar para ti.<\/p>\t\t\t\t\t\t\t\t<\/div>\n\t\t\t\t<\/div>\n\t\t\t\t<\/div>\n\t\t\t\t\t<\/div>\n\t\t\t\t<\/div>\n\t\t\t\t<\/div>","protected":false},"excerpt":{"rendered":"<p>Home \/ Internship\/ Doctoral Psychology Nurturing Future Psychologists: Introducing Our New Internship Program Family Service of the Chautauqua Region has a rich, 120 year history of supporting vulnerable individuals in Chautauqua County.\u00a0 For decades, a core strength has been our dedication to educating future counselors in various fields through practicums and internships.\u00a0 Now, we\u2019re thrilled [&hellip;]<\/p>\n","protected":false},"author":1,"featured_media":0,"parent":1234,"menu_order":0,"comment_status":"closed","ping_status":"closed","template":"elementor_header_footer","meta":{"give_campaign_id":0,"footnotes":""},"class_list":["post-769","page","type-page","status-publish","hentry"],"campaignId":"","_links":{"self":[{"href":"https:\/\/familyservicechq.org\/es\/wp-json\/wp\/v2\/pages\/769","targetHints":{"allow":["GET"]}}],"collection":[{"href":"https:\/\/familyservicechq.org\/es\/wp-json\/wp\/v2\/pages"}],"about":[{"href":"https:\/\/familyservicechq.org\/es\/wp-json\/wp\/v2\/types\/page"}],"author":[{"embeddable":true,"href":"https:\/\/familyservicechq.org\/es\/wp-json\/wp\/v2\/users\/1"}],"replies":[{"embeddable":true,"href":"https:\/\/familyservicechq.org\/es\/wp-json\/wp\/v2\/comments?post=769"}],"version-history":[{"count":64,"href":"https:\/\/familyservicechq.org\/es\/wp-json\/wp\/v2\/pages\/769\/revisions"}],"predecessor-version":[{"id":1553,"href":"https:\/\/familyservicechq.org\/es\/wp-json\/wp\/v2\/pages\/769\/revisions\/1553"}],"up":[{"embeddable":true,"href":"https:\/\/familyservicechq.org\/es\/wp-json\/wp\/v2\/pages\/1234"}],"wp:attachment":[{"href":"https:\/\/familyservicechq.org\/es\/wp-json\/wp\/v2\/media?parent=769"}],"curies":[{"name":"wp","href":"https:\/\/api.w.org\/{rel}","templated":true}]}}