{"id":817,"date":"2025-06-26T15:44:04","date_gmt":"2025-06-26T19:44:04","guid":{"rendered":"https:\/\/familyservicechq.org\/?page_id=817"},"modified":"2025-10-13T14:57:06","modified_gmt":"2025-10-13T18:57:06","slug":"donate","status":"publish","type":"page","link":"https:\/\/familyservicechq.org\/es\/donate\/","title":{"rendered":"Donar"},"content":{"rendered":"<div data-elementor-type=\"wp-page\" data-elementor-id=\"817\" class=\"elementor elementor-817\" data-elementor-settings=\"{&quot;ha_cmc_init_switcher&quot;:&quot;no&quot;}\" data-elementor-post-type=\"page\">\n\t\t\t\t<div class=\"elementor-element elementor-element-f1e26b0 e-flex e-con-boxed e-con e-parent\" data-id=\"f1e26b0\" data-element_type=\"container\" data-e-type=\"container\" data-settings=\"{&quot;background_background&quot;:&quot;classic&quot;,&quot;_ha_eqh_enable&quot;:false}\">\n\t\t\t\t\t<div class=\"e-con-inner\">\n\t\t<div class=\"elementor-element elementor-element-955ee1b e-con-full e-flex e-con e-child\" data-id=\"955ee1b\" data-element_type=\"container\" data-e-type=\"container\" data-settings=\"{&quot;_ha_eqh_enable&quot;:false}\">\n\t\t\t\t<div class=\"elementor-element elementor-element-d63c568 elementor-widget elementor-widget-text-editor\" data-id=\"d63c568\" data-element_type=\"widget\" data-e-type=\"widget\" data-widget_type=\"text-editor.default\">\n\t\t\t\t<div class=\"elementor-widget-container\">\n\t\t\t\t\t\t\t\t\t<p><a href=\"https:\/\/familyservicechq.org\/es\/\">Inicio<\/a> \/ Donativos<\/p>\t\t\t\t\t\t\t\t<\/div>\n\t\t\t\t<\/div>\n\t\t\t\t<\/div>\n\t\t\t\t\t<\/div>\n\t\t\t\t<\/div>\n\t\t\t\t<section class=\"elementor-section elementor-top-section elementor-element elementor-element-17a01bb elementor-section-boxed elementor-section-height-default elementor-section-height-default\" data-id=\"17a01bb\" data-element_type=\"section\" data-e-type=\"section\" data-settings=\"{&quot;_ha_eqh_enable&quot;:false}\">\n\t\t\t\t\t\t<div class=\"elementor-container elementor-column-gap-default\">\n\t\t\t\t\t<div class=\"elementor-column elementor-col-100 elementor-top-column elementor-element elementor-element-474a083c\" data-id=\"474a083c\" data-element_type=\"column\" data-e-type=\"column\">\n\t\t\t<div class=\"elementor-widget-wrap elementor-element-populated\">\n\t\t\t\t\t\t<div class=\"elementor-element elementor-element-64ec1648 elementor-widget elementor-widget-heading\" data-id=\"64ec1648\" data-element_type=\"widget\" data-e-type=\"widget\" data-widget_type=\"heading.default\">\n\t\t\t\t<div class=\"elementor-widget-container\">\n\t\t\t\t\t<h2 class=\"elementor-heading-title elementor-size-default\">Donando<\/h2>\t\t\t\t<\/div>\n\t\t\t\t<\/div>\n\t\t\t\t<div class=\"elementor-element elementor-element-5b450f18 animated-slow elementor-invisible elementor-widget elementor-widget-heading\" data-id=\"5b450f18\" data-element_type=\"widget\" data-e-type=\"widget\" data-settings=\"{&quot;_animation&quot;:&quot;fadeInUp&quot;}\" data-widget_type=\"heading.default\">\n\t\t\t\t<div class=\"elementor-widget-container\">\n\t\t\t\t\t<h3 class=\"elementor-heading-title elementor-size-default\">Apoya nuestra misi\u00f3n: Dona hoy<\/h3>\t\t\t\t<\/div>\n\t\t\t\t<\/div>\n\t\t\t\t<div class=\"elementor-element elementor-element-4317ea81 elementor-widget elementor-widget-text-editor\" data-id=\"4317ea81\" data-element_type=\"widget\" data-e-type=\"widget\" data-widget_type=\"text-editor.default\">\n\t\t\t\t<div class=\"elementor-widget-container\">\n\t\t\t\t\t\t\t\t\t<p dir=\"ltr\" data-pm-slice=\"1 1 []\">Tus contribuciones generosas ayudan a Family Service of the Chautauqua Region a proveer servicios de salud mental esenciales pa\u2019 los que lo necesitan en todo el condado de Chautauqua. Al donar, apoyas nuestra recolecta anual y las alianzas locales, asegurando cuidao accesible pa\u2019 las personas que enfrentan problemas econ\u00f3micos. Cada donativo marca la diferencia pa\u2019 fortalecer el bienestar de nuestra comunidad.<\/p>\t\t\t\t\t\t\t\t<\/div>\n\t\t\t\t<\/div>\n\t\t<div class=\"elementor-element elementor-element-c9190ed e-con-full e-flex e-con e-parent\" data-id=\"c9190ed\" data-element_type=\"container\" data-e-type=\"container\" data-settings=\"{&quot;_ha_eqh_enable&quot;:false}\">\n\t\t<div class=\"elementor-element elementor-element-5678b70 animated-slow e-con-full e-flex elementor-invisible e-con e-child\" data-id=\"5678b70\" data-element_type=\"container\" data-e-type=\"container\" data-settings=\"{&quot;animation&quot;:&quot;fadeInLeft&quot;,&quot;_ha_eqh_enable&quot;:false}\">\n\t\t\t\t<div class=\"elementor-element elementor-element-bc1db84 elementor-widget elementor-widget-Give Form\" data-id=\"bc1db84\" data-element_type=\"widget\" data-e-type=\"widget\" data-widget_type=\"Give Form.default\">\n\t\t\t\t\t<div class=\"givewp-elementor-widget give-form-shortcode-wrap\"><div class='root-data-givewp-embed' data-form-locale='es_ES' data-form-url='https:\/\/familyservicechq.org\/?post_type=give_forms&amp;p=821' data-form-view-url='https:\/\/familyservicechq.org\/es\/?givewp-route=donation-form-view&amp;form-id=821' data-src='https:\/\/familyservicechq.org\/es\/?givewp-route=donation-form-view&amp;form-id=821' data-givewp-embed-id='give-form-shortcode-1' data-form-format='onpage' data-open-form-button='Continue to Donate' style='--givewp-primary-color: #0b72d9; --givewp-secondary-color: #27ae60;'><\/div><\/div>\t\t\t\t<\/div>\n\t\t\t\t<\/div>\n\t\t<div class=\"elementor-element elementor-element-e3e77c1 e-con-full e-flex e-con e-child\" data-id=\"e3e77c1\" data-element_type=\"container\" data-e-type=\"container\" data-settings=\"{&quot;background_background&quot;:&quot;classic&quot;,&quot;_ha_eqh_enable&quot;:false}\">\n\t\t\t\t<div class=\"elementor-element elementor-element-514ac94 elementor-widget elementor-widget-text-editor\" data-id=\"514ac94\" data-element_type=\"widget\" data-e-type=\"widget\" data-widget_type=\"text-editor.default\">\n\t\t\t\t<div class=\"elementor-widget-container\">\n\t\t\t\t\t\t\t\t\t<p>El Servicio Familiar de la Regi\u00f3n de Chautauqua es una agencia sin fines de lucro. Dependemos del generoso financiamiento del United Way del Condado de Chautauqua, as\u00ed como de fundaciones locales y donaciones individuales.<\/p><p>El Servicio Familiar tambi\u00e9n realiza recaudaciones de fondos pa\u2019 ayudar a que los servicios sean m\u00e1s accesibles pa\u2019 aquellos que puedan encontrar su copago y\/o deducible alto como una dificultad.\u00a0<\/p><p>El Servicio Familiar tambi\u00e9n acepta donaciones de individuos. Pa\u2019 hacer una donaci\u00f3n con tarjeta de cr\u00e9dito, usa el bot\u00f3n de donar al final de esta p\u00e1gina, o por favor llama al Servicio Familiar al:<br \/>716-488-1971.<\/p><p>Env\u00eda cheques por correo a:<br \/>Family Service of the Chautauqua Region, <br \/>332 East 4th Street, <br \/>Jamestown, NY 14701.<\/p><h3>\u00a1Gracias por tu apoyo!<\/h3>\t\t\t\t\t\t\t\t<\/div>\n\t\t\t\t<\/div>\n\t\t\t\t<\/div>\n\t\t\t\t<\/div>\n\t\t\t\t\t<\/div>\n\t\t<\/div>\n\t\t\t\t\t<\/div>\n\t\t<\/section>\n\t\t\t\t<\/div>","protected":false},"excerpt":{"rendered":"<p>Home \/ Donations Donating Support Our Mission: Donate Today Your generous contributions help Family Service of the Chautauqua Region provide vital mental health services to those in need across Chautauqua County. By donating, you support our annual fundraiser and local partnerships, ensuring affordable care for individuals facing financial hardships. Every gift makes a difference in [&hellip;]<\/p>\n","protected":false},"author":1,"featured_media":0,"parent":0,"menu_order":0,"comment_status":"closed","ping_status":"closed","template":"elementor_header_footer","meta":{"give_campaign_id":0,"footnotes":""},"class_list":["post-817","page","type-page","status-publish","hentry"],"campaignId":"","_links":{"self":[{"href":"https:\/\/familyservicechq.org\/es\/wp-json\/wp\/v2\/pages\/817","targetHints":{"allow":["GET"]}}],"collection":[{"href":"https:\/\/familyservicechq.org\/es\/wp-json\/wp\/v2\/pages"}],"about":[{"href":"https:\/\/familyservicechq.org\/es\/wp-json\/wp\/v2\/types\/page"}],"author":[{"embeddable":true,"href":"https:\/\/familyservicechq.org\/es\/wp-json\/wp\/v2\/users\/1"}],"replies":[{"embeddable":true,"href":"https:\/\/familyservicechq.org\/es\/wp-json\/wp\/v2\/comments?post=817"}],"version-history":[{"count":19,"href":"https:\/\/familyservicechq.org\/es\/wp-json\/wp\/v2\/pages\/817\/revisions"}],"predecessor-version":[{"id":1173,"href":"https:\/\/familyservicechq.org\/es\/wp-json\/wp\/v2\/pages\/817\/revisions\/1173"}],"wp:attachment":[{"href":"https:\/\/familyservicechq.org\/es\/wp-json\/wp\/v2\/media?parent=817"}],"curies":[{"name":"wp","href":"https:\/\/api.w.org\/{rel}","templated":true}]}}